{"id":18,"date":"2023-08-03T18:14:25","date_gmt":"2023-08-03T09:14:25","guid":{"rendered":"https:\/\/concept-board.com\/expert-demo01\/?page_id=18"},"modified":"2024-11-23T11:09:06","modified_gmt":"2024-11-23T02:09:06","slug":"about-us","status":"publish","type":"page","link":"https:\/\/concept-board.com\/expert-demo01\/about-us\/","title":{"rendered":"\u5f53\u4e8b\u52d9\u6240\u306b\u3064\u3044\u3066"},"content":{"rendered":"\n<h2 class=\"wp-block-heading\">MISSION<\/h2>\n\n\n\n<h3 class=\"wp-block-heading has-text-align-center\">\u7d4c\u55b6\u8996\u70b9\u306e\u7a0e\u52d9\u3067<br>\u30d3\u30b8\u30cd\u30b9\u3092\u6210\u529f\u3078\u5c0e\u304f<\/h3>\n\n\n\n<p>\u78ba\u304b\u306a\u5c02\u9580\u77e5\u8b58\u3068\u7d4c\u55b6\u306e\u8996\u70b9\u3092\u7d44\u307f\u5408\u308f\u305b\u3001\u4f01\u696d\u306e\u6301\u7d9a\u7684\u306a\u6210\u9577\u3092\u30b5\u30dd\u30fc\u30c8\u3057\u307e\u3059\u3002\u5358\u306a\u308b\u7a0e\u52d9\u51e6\u7406\u306b\u3068\u3069\u307e\u3089\u305a\u3001\u7d4c\u55b6\u8ab2\u984c\u306e\u89e3\u6c7a\u304b\u3089\u4e8b\u696d\u6226\u7565\u306e\u7acb\u6848\u307e\u3067\u3001\u7dcf\u5408\u7684\u306a\u652f\u63f4\u3092\u63d0\u4f9b\u3057\u307e\u3059\u3002<\/p>\n\n\n\n<h2 class=\"wp-block-heading\">VALUE<\/h2>\n\n\n\n<h3 class=\"wp-block-heading has-text-align-center\">\u4e2d\u5c0f\u4f01\u696d\u306e\u6210\u9577\u3092\u652f\u3048\u308b<br>\u6700\u3082\u4fe1\u983c\u3055\u308c\u308b\u7d4c\u55b6\u30d1\u30fc\u30c8\u30ca\u30fc\u3078<\/h3>\n\n\n\n<p>\u79c1\u305f\u3061\u306f\u3001\u7a0e\u52d9\u306e\u5c02\u9580\u5bb6\u3068\u3057\u3066\u3060\u3051\u3067\u306a\u304f\u3001\u7d4c\u55b6\u8005\u69d8\u306e\u826f\u304d\u76f8\u8ac7\u76f8\u624b\u3068\u3057\u3066\u3001\u4f01\u696d\u306e\u767a\u5c55\u306b\u8ca2\u732e\u3057\u307e\u3059\u3002\u78ba\u304b\u306a\u5b9f\u7e3e\u3068\u8aa0\u5b9f\u306a\u30b5\u30fc\u30d3\u30b9\u3092\u901a\u3058\u3066\u3001\u5730\u57df\u7d4c\u6e08\u306e\u6d3b\u6027\u5316\u306b\u5bc4\u4e0e\u3059\u308b\u3053\u3068\u3092\u76ee\u6307\u3057\u307e\u3059\u3002<\/p>\n\n\n\n<ul class=\"wp-block-list\">\n<li><strong>\u8aa0\u5b9f\u6027<\/strong> &#8211; \u5e38\u306b\u30af\u30e9\u30a4\u30a2\u30f3\u30c8\u306e\u5229\u76ca\u3092\u7b2c\u4e00\u306b\u8003\u3048\u3001\u6b63\u76f4\u3067\u900f\u660e\u6027\u306e\u3042\u308b\u5bfe\u5fdc\u3092\u5fc3\u304c\u3051\u307e\u3059<\/li>\n\n\n\n<li><strong>\u5c02\u9580\u6027<\/strong> &#8211; \u6700\u65b0\u306e\u7a0e\u52d9\u77e5\u8b58\u3068\u7d4c\u55b6\u30ce\u30a6\u30cf\u30a6\u3092\u6d3b\u304b\u3057\u3001\u8cea\u306e\u9ad8\u3044\u30b5\u30fc\u30d3\u30b9\u3092\u63d0\u4f9b\u3057\u307e\u3059<\/li>\n\n\n\n<li><strong>\u5b9f\u8df5\u529b <\/strong>&#8211; \u7406\u8ad6\u3060\u3051\u3067\u306a\u304f\u3001\u5b9f\u52d9\u306b\u5373\u3057\u305f\u5177\u4f53\u7684\u306a\u89e3\u6c7a\u7b56\u3092\u63d0\u6848\u3057\u307e\u3059<\/li>\n\n\n\n<li><strong>\u5171\u5275\u6027<\/strong> &#8211; \u30af\u30e9\u30a4\u30a2\u30f3\u30c8\u3068\u5171\u306b\u8003\u3048\u3001\u6210\u9577\u3059\u308b\u59ff\u52e2\u3092\u5927\u5207\u306b\u3057\u307e\u3059<\/li>\n<\/ul>\n\n\n\n<div class=\"wp-block-buttons is-content-justification-center is-layout-flex wp-container-core-buttons-is-layout-16018d1d wp-block-buttons-is-layout-flex\">\n<div class=\"wp-block-button\"><a class=\"wp-block-button__link wp-element-button\" href=\"https:\/\/concept-board.com\/expert-demo01\/strength\/\">\u5f53\u4e8b\u52d9\u6240\u304c\u9078\u3070\u308c\u308b\u7406\u7531<\/a><\/div>\n<\/div>\n\n\n\n<h2 class=\"wp-block-heading\">\u4e8b\u52d9\u6240\u6982\u8981<\/h2>\n\n\n\n<iframe src=\"https:\/\/www.google.com\/maps\/embed?pb=!1m18!1m12!1m3!1d3240.371293957919!2d139.6996333!3d35.69247970000001!2m3!1f0!2f0!3f0!3m2!1i1024!2i768!4f13.1!3m3!1m2!1s0x60188cd73da67fab%3A0xaab84340641fd71a!2z44CSMTYwLTAwMjMg5p2x5Lqs6YO95paw5a6_5Yy66KW_5paw5a6_77yR5LiB55uu77yR4oiS77yR!5e0!3m2!1sja!2sjp!4v1732192661899!5m2!1sja!2sjp\" width=\"100%\" height=\"450\" style=\"border:0;\" allowfullscreen=\"\" loading=\"lazy\" referrerpolicy=\"no-referrer-when-downgrade\"><\/iframe>\n\n\n\n<figure class=\"wp-block-table\"><table><tbody><tr><td><strong>\u4e8b\u52d9\u6240\u540d<\/strong><\/td><td>EXPERT\u7a0e\u7406\u58eb\u4e8b\u52d9\u6240<\/td><\/tr><tr><td><strong>\u6240\u5728\u5730<\/strong><\/td><td>\u3012160-0023<br>\u6771\u4eac\u90fd\u65b0\u5bbf\u533a\u897f\u65b0\u5bbf1-1-1 \u25ef\u25ef\u30d3\u30eb5F<\/td><\/tr><tr><td><strong>\u4ee3\u8868\u8005\u540d<\/strong><\/td><td>\u5c71\u7530 \u667a\u5f18<\/td><\/tr><tr><td><strong>\u96fb\u8a71\u756a\u53f7<\/strong><\/td><td>03-\u00d7\u00d7\u00d7\u00d7-\u00d7\u00d7\u00d7\u00d7<\/td><\/tr><tr><td><strong>\u30e1\u30fc\u30eb<\/strong><\/td><td>info@\u00d7\u00d7\u00d7\u00d7.com<\/td><\/tr><tr><td><strong>\u55b6\u696d\u6642\u9593<\/strong><\/td><td>\u5e73\u65e5 9:00\uff5e18:00\uff08\u571f\u30fb\u65e5\u30fb\u795d\u4f11\u696d\uff09<\/td><\/tr><tr><td><strong>\u30a2\u30af\u30bb\u30b9<\/strong><\/td><td>JR\u300c\u65b0\u5bbf\u99c5\u300d\u897f\u53e3\u3088\u308a\u5f92\u6b697\u5206<\/td><\/tr><tr><td><strong>\u5bfe\u5fdc\u30a8\u30ea\u30a2<\/strong><\/td><td>\u6771\u4eac\u90fd\u3001\u795e\u5948\u5ddd\u770c\u3001\u57fc\u7389\u770c\u3001\u5343\u8449\u770c\u3092\u4e2d\u5fc3\u306b\u5bfe\u5fdc<br>\u203b\u30aa\u30f3\u30e9\u30a4\u30f3\u30df\u30fc\u30c6\u30a3\u30f3\u30b0\u53ef\u80fd\u306a\u5834\u5408\u306f\u5168\u56fd\u5bfe\u5fdc\u53ef<\/td><\/tr><\/tbody><\/table><\/figure>\n\n\n\n<p><\/p>\n","protected":false},"excerpt":{"rendered":"<p>EXPERT\u7a0e\u7406\u58eb\u4e8b\u52d9\u6240\u306e\u7d4c\u55b6\u7406\u5ff5\uff08\u30df\u30c3\u30b7\u30e7\u30f3\u30fb\u30d3\u30b8\u30e7\u30f3\u30fb\u30d0\u30ea\u30e5\u30fc\uff09\u3068\u3001\u304a\u554f\u3044\u5408\u308f\u305b\u306b\u5fc5\u8981\u306a\u57fa\u672c\u60c5\u5831\uff08\u6240\u5728\u5730\u30fb\u9023\u7d61\u5148\u30fb\u30a2\u30af\u30bb\u30b9\u30fb\u55b6\u696d\u6642\u9593\u306a\u3069\uff09\u3092\u3054\u6848\u5185\u3057\u3066\u3044\u307e\u3059\u3002<\/p>\n","protected":false},"author":1,"featured_media":117,"parent":0,"menu_order":0,"comment_status":"closed","ping_status":"closed","template":"","meta":{"footnotes":""},"class_list":["post-18","page","type-page","status-publish","has-post-thumbnail","hentry"],"_links":{"self":[{"href":"https:\/\/concept-board.com\/expert-demo01\/wp-json\/wp\/v2\/pages\/18","targetHints":{"allow":["GET"]}}],"collection":[{"href":"https:\/\/concept-board.com\/expert-demo01\/wp-json\/wp\/v2\/pages"}],"about":[{"href":"https:\/\/concept-board.com\/expert-demo01\/wp-json\/wp\/v2\/types\/page"}],"author":[{"embeddable":true,"href":"https:\/\/concept-board.com\/expert-demo01\/wp-json\/wp\/v2\/users\/1"}],"replies":[{"embeddable":true,"href":"https:\/\/concept-board.com\/expert-demo01\/wp-json\/wp\/v2\/comments?post=18"}],"version-history":[{"count":14,"href":"https:\/\/concept-board.com\/expert-demo01\/wp-json\/wp\/v2\/pages\/18\/revisions"}],"predecessor-version":[{"id":1079,"href":"https:\/\/concept-board.com\/expert-demo01\/wp-json\/wp\/v2\/pages\/18\/revisions\/1079"}],"wp:featuredmedia":[{"embeddable":true,"href":"https:\/\/concept-board.com\/expert-demo01\/wp-json\/wp\/v2\/media\/117"}],"wp:attachment":[{"href":"https:\/\/concept-board.com\/expert-demo01\/wp-json\/wp\/v2\/media?parent=18"}],"curies":[{"name":"wp","href":"https:\/\/api.w.org\/{rel}","templated":true}]}}